{"id":7899,"date":"2022-06-22T17:11:18","date_gmt":"2022-06-22T15:11:18","guid":{"rendered":"https:\/\/josedelavega.com\/classes\/technique\/"},"modified":"2022-06-22T17:11:18","modified_gmt":"2022-06-22T15:11:18","slug":"technique","status":"publish","type":"page","link":"https:\/\/josedelavega.com\/en\/classes\/technique\/","title":{"rendered":"Technique"},"content":{"rendered":"","protected":false},"excerpt":{"rendered":"","protected":false},"author":1,"featured_media":7524,"parent":7764,"menu_order":0,"comment_status":"closed","ping_status":"closed","template":"","meta":{"_acf_changed":false,"footnotes":""},"class_list":["post-7899","page","type-page","status-publish","has-post-thumbnail","hentry"],"acf":[],"yoast_head":"<!-- This site is optimized with the Yoast SEO plugin v26.9 - https:\/\/yoast.com\/product\/yoast-seo-wordpress\/ -->\n<title>Technique - Clases de Flamenco y Sevillanas en Barcelona, Escuela Jos\u00e9 de la Vega<\/title>\n<meta name=\"robots\" content=\"index, follow, max-snippet:-1, max-image-preview:large, max-video-preview:-1\" \/>\n<link rel=\"canonical\" href=\"https:\/\/josedelavega.com\/classes\/technique\/\" \/>\n<meta property=\"og:locale\" content=\"en_US\" \/>\n<meta property=\"og:type\" content=\"article\" \/>\n<meta property=\"og:title\" content=\"Technique - Clases de Flamenco y Sevillanas en Barcelona, Escuela Jos\u00e9 de la Vega\" \/>\n<meta property=\"og:url\" content=\"https:\/\/josedelavega.com\/classes\/technique\/\" \/>\n<meta property=\"og:site_name\" content=\"Clases de Flamenco y Sevillanas en Barcelona, Escuela Jos\u00e9 de la Vega\" \/>\n<meta property=\"article:publisher\" content=\"https:\/\/www.facebook.com\/escuelajosedelavega\" \/>\n<meta property=\"og:image\" content=\"https:\/\/josedelavega.com\/wp-content\/uploads\/2022\/07\/clases-sevillanas-jdlv_banner_contacto.jpg\" \/>\n\t<meta property=\"og:image:width\" content=\"1920\" \/>\n\t<meta property=\"og:image:height\" content=\"587\" \/>\n\t<meta property=\"og:image:type\" content=\"image\/jpeg\" \/>\n<script type=\"application\/ld+json\" class=\"yoast-schema-graph\">{\"@context\":\"https:\/\/schema.org\",\"@graph\":[{\"@type\":\"WebPage\",\"@id\":\"https:\/\/josedelavega.com\/classes\/technique\/\",\"url\":\"https:\/\/josedelavega.com\/classes\/technique\/\",\"name\":\"Technique - Clases de Flamenco y Sevillanas en Barcelona, Escuela Jos\u00e9 de la Vega\",\"isPartOf\":{\"@id\":\"https:\/\/josedelavega.com\/#website\"},\"primaryImageOfPage\":{\"@id\":\"https:\/\/josedelavega.com\/classes\/technique\/#primaryimage\"},\"image\":{\"@id\":\"https:\/\/josedelavega.com\/classes\/technique\/#primaryimage\"},\"thumbnailUrl\":\"https:\/\/josedelavega.com\/wp-content\/uploads\/2022\/07\/tecnica-jdlv-1.jpg\",\"datePublished\":\"2022-06-22T15:11:18+00:00\",\"breadcrumb\":{\"@id\":\"https:\/\/josedelavega.com\/classes\/technique\/#breadcrumb\"},\"inLanguage\":\"en-US\",\"potentialAction\":[{\"@type\":\"ReadAction\",\"target\":[\"https:\/\/josedelavega.com\/classes\/technique\/\"]}]},{\"@type\":\"ImageObject\",\"inLanguage\":\"en-US\",\"@id\":\"https:\/\/josedelavega.com\/classes\/technique\/#primaryimage\",\"url\":\"https:\/\/josedelavega.com\/wp-content\/uploads\/2022\/07\/tecnica-jdlv-1.jpg\",\"contentUrl\":\"https:\/\/josedelavega.com\/wp-content\/uploads\/2022\/07\/tecnica-jdlv-1.jpg\",\"width\":1903,\"height\":370,\"caption\":\"Escuela de baile flamenco Barcelona\"},{\"@type\":\"BreadcrumbList\",\"@id\":\"https:\/\/josedelavega.com\/classes\/technique\/#breadcrumb\",\"itemListElement\":[{\"@type\":\"ListItem\",\"position\":1,\"name\":\"Portada\",\"item\":\"https:\/\/josedelavega.com\/en\/homepage\/\"},{\"@type\":\"ListItem\",\"position\":2,\"name\":\"Classes\",\"item\":\"https:\/\/josedelavega.com\/en\/classes\/\"},{\"@type\":\"ListItem\",\"position\":3,\"name\":\"Technique\"}]},{\"@type\":\"WebSite\",\"@id\":\"https:\/\/josedelavega.com\/#website\",\"url\":\"https:\/\/josedelavega.com\/\",\"name\":\"Clases de Flamenco y Sevillanas en Barcelona, Escuela Jos\u00e9 de la Vega\",\"description\":\"Escuela de Baile Flamenco Jos\u00e9 de la Vega, Barcelona - clases de flamenco, sevillanas, guitarra, palmas y caj\u00f3n, todos los niveles!\",\"publisher\":{\"@id\":\"https:\/\/josedelavega.com\/#organization\"},\"alternateName\":\"Escuela de baile flamenco Jos\u00e9 de la Vega Barcelona\",\"potentialAction\":[{\"@type\":\"SearchAction\",\"target\":{\"@type\":\"EntryPoint\",\"urlTemplate\":\"https:\/\/josedelavega.com\/?s={search_term_string}\"},\"query-input\":{\"@type\":\"PropertyValueSpecification\",\"valueRequired\":true,\"valueName\":\"search_term_string\"}}],\"inLanguage\":\"en-US\"},{\"@type\":\"Organization\",\"@id\":\"https:\/\/josedelavega.com\/#organization\",\"name\":\"Escuela de baile flamenco Jos\u00e9 de la Vega\",\"alternateName\":\"Jos\u00e9 de la Vega Escuela de flamenco\",\"url\":\"https:\/\/josedelavega.com\/\",\"logo\":{\"@type\":\"ImageObject\",\"inLanguage\":\"en-US\",\"@id\":\"https:\/\/josedelavega.com\/#\/schema\/logo\/image\/\",\"url\":\"https:\/\/josedelavega.com\/wp-content\/uploads\/2022\/06\/cropped-jdlv_logo-250px.png\",\"contentUrl\":\"https:\/\/josedelavega.com\/wp-content\/uploads\/2022\/06\/cropped-jdlv_logo-250px.png\",\"width\":250,\"height\":237,\"caption\":\"Escuela de baile flamenco Jos\u00e9 de la Vega\"},\"image\":{\"@id\":\"https:\/\/josedelavega.com\/#\/schema\/logo\/image\/\"},\"sameAs\":[\"https:\/\/www.facebook.com\/escuelajosedelavega\"]}]}<\/script>\n<!-- \/ Yoast SEO plugin. -->","yoast_head_json":{"title":"Technique - Clases de Flamenco y Sevillanas en Barcelona, Escuela Jos\u00e9 de la Vega","robots":{"index":"index","follow":"follow","max-snippet":"max-snippet:-1","max-image-preview":"max-image-preview:large","max-video-preview":"max-video-preview:-1"},"canonical":"https:\/\/josedelavega.com\/classes\/technique\/","og_locale":"en_US","og_type":"article","og_title":"Technique - Clases de Flamenco y Sevillanas en Barcelona, Escuela Jos\u00e9 de la Vega","og_url":"https:\/\/josedelavega.com\/classes\/technique\/","og_site_name":"Clases de Flamenco y Sevillanas en Barcelona, Escuela Jos\u00e9 de la Vega","article_publisher":"https:\/\/www.facebook.com\/escuelajosedelavega","og_image":[{"width":1920,"height":587,"url":"https:\/\/josedelavega.com\/wp-content\/uploads\/2022\/07\/clases-sevillanas-jdlv_banner_contacto.jpg","type":"image\/jpeg"}],"schema":{"@context":"https:\/\/schema.org","@graph":[{"@type":"WebPage","@id":"https:\/\/josedelavega.com\/classes\/technique\/","url":"https:\/\/josedelavega.com\/classes\/technique\/","name":"Technique - Clases de Flamenco y Sevillanas en Barcelona, Escuela Jos\u00e9 de la Vega","isPartOf":{"@id":"https:\/\/josedelavega.com\/#website"},"primaryImageOfPage":{"@id":"https:\/\/josedelavega.com\/classes\/technique\/#primaryimage"},"image":{"@id":"https:\/\/josedelavega.com\/classes\/technique\/#primaryimage"},"thumbnailUrl":"https:\/\/josedelavega.com\/wp-content\/uploads\/2022\/07\/tecnica-jdlv-1.jpg","datePublished":"2022-06-22T15:11:18+00:00","breadcrumb":{"@id":"https:\/\/josedelavega.com\/classes\/technique\/#breadcrumb"},"inLanguage":"en-US","potentialAction":[{"@type":"ReadAction","target":["https:\/\/josedelavega.com\/classes\/technique\/"]}]},{"@type":"ImageObject","inLanguage":"en-US","@id":"https:\/\/josedelavega.com\/classes\/technique\/#primaryimage","url":"https:\/\/josedelavega.com\/wp-content\/uploads\/2022\/07\/tecnica-jdlv-1.jpg","contentUrl":"https:\/\/josedelavega.com\/wp-content\/uploads\/2022\/07\/tecnica-jdlv-1.jpg","width":1903,"height":370,"caption":"Escuela de baile flamenco Barcelona"},{"@type":"BreadcrumbList","@id":"https:\/\/josedelavega.com\/classes\/technique\/#breadcrumb","itemListElement":[{"@type":"ListItem","position":1,"name":"Portada","item":"https:\/\/josedelavega.com\/en\/homepage\/"},{"@type":"ListItem","position":2,"name":"Classes","item":"https:\/\/josedelavega.com\/en\/classes\/"},{"@type":"ListItem","position":3,"name":"Technique"}]},{"@type":"WebSite","@id":"https:\/\/josedelavega.com\/#website","url":"https:\/\/josedelavega.com\/","name":"Clases de Flamenco y Sevillanas en Barcelona, Escuela Jos\u00e9 de la Vega","description":"Escuela de Baile Flamenco Jos\u00e9 de la Vega, Barcelona - clases de flamenco, sevillanas, guitarra, palmas y caj\u00f3n, todos los niveles!","publisher":{"@id":"https:\/\/josedelavega.com\/#organization"},"alternateName":"Escuela de baile flamenco Jos\u00e9 de la Vega Barcelona","potentialAction":[{"@type":"SearchAction","target":{"@type":"EntryPoint","urlTemplate":"https:\/\/josedelavega.com\/?s={search_term_string}"},"query-input":{"@type":"PropertyValueSpecification","valueRequired":true,"valueName":"search_term_string"}}],"inLanguage":"en-US"},{"@type":"Organization","@id":"https:\/\/josedelavega.com\/#organization","name":"Escuela de baile flamenco Jos\u00e9 de la Vega","alternateName":"Jos\u00e9 de la Vega Escuela de flamenco","url":"https:\/\/josedelavega.com\/","logo":{"@type":"ImageObject","inLanguage":"en-US","@id":"https:\/\/josedelavega.com\/#\/schema\/logo\/image\/","url":"https:\/\/josedelavega.com\/wp-content\/uploads\/2022\/06\/cropped-jdlv_logo-250px.png","contentUrl":"https:\/\/josedelavega.com\/wp-content\/uploads\/2022\/06\/cropped-jdlv_logo-250px.png","width":250,"height":237,"caption":"Escuela de baile flamenco Jos\u00e9 de la Vega"},"image":{"@id":"https:\/\/josedelavega.com\/#\/schema\/logo\/image\/"},"sameAs":["https:\/\/www.facebook.com\/escuelajosedelavega"]}]}},"_links":{"self":[{"href":"https:\/\/josedelavega.com\/en\/wp-json\/wp\/v2\/pages\/7899","targetHints":{"allow":["GET"]}}],"collection":[{"href":"https:\/\/josedelavega.com\/en\/wp-json\/wp\/v2\/pages"}],"about":[{"href":"https:\/\/josedelavega.com\/en\/wp-json\/wp\/v2\/types\/page"}],"author":[{"embeddable":true,"href":"https:\/\/josedelavega.com\/en\/wp-json\/wp\/v2\/users\/1"}],"replies":[{"embeddable":true,"href":"https:\/\/josedelavega.com\/en\/wp-json\/wp\/v2\/comments?post=7899"}],"version-history":[{"count":0,"href":"https:\/\/josedelavega.com\/en\/wp-json\/wp\/v2\/pages\/7899\/revisions"}],"up":[{"embeddable":true,"href":"https:\/\/josedelavega.com\/en\/wp-json\/wp\/v2\/pages\/7764"}],"wp:featuredmedia":[{"embeddable":true,"href":"https:\/\/josedelavega.com\/en\/wp-json\/wp\/v2\/media\/7524"}],"wp:attachment":[{"href":"https:\/\/josedelavega.com\/en\/wp-json\/wp\/v2\/media?parent=7899"}],"curies":[{"name":"wp","href":"https:\/\/api.w.org\/{rel}","templated":true}]}}