{"id":7888,"date":"2022-06-22T17:07:52","date_gmt":"2022-06-22T15:07:52","guid":{"rendered":"https:\/\/josedelavega.com\/classes\/sevillanas\/"},"modified":"2022-08-26T12:35:00","modified_gmt":"2022-08-26T10:35:00","slug":"sevillanas","status":"publish","type":"page","link":"https:\/\/josedelavega.com\/en\/classes\/sevillanas\/","title":{"rendered":"Sevillanas"},"content":{"rendered":"","protected":false},"excerpt":{"rendered":"","protected":false},"author":1,"featured_media":7794,"parent":7764,"menu_order":0,"comment_status":"closed","ping_status":"closed","template":"","meta":{"_acf_changed":false,"footnotes":""},"class_list":["post-7888","page","type-page","status-publish","has-post-thumbnail","hentry"],"acf":[],"yoast_head":"<!-- This site is optimized with the Yoast SEO plugin v26.9 - https:\/\/yoast.com\/product\/yoast-seo-wordpress\/ -->\n<title>Sevillanas - Clases de Flamenco y Sevillanas en Barcelona, Escuela Jos\u00e9 de la Vega<\/title>\n<meta name=\"description\" content=\"Do you want to learn how to dance Sevillanas? Our school offers sevillanas lessonss in Barcelona. Want to know more? Contact us.\" \/>\n<meta name=\"robots\" content=\"index, follow, max-snippet:-1, max-image-preview:large, max-video-preview:-1\" \/>\n<link rel=\"canonical\" href=\"https:\/\/josedelavega.com\/en\/classes\/sevillanas\/\" \/>\n<meta property=\"og:locale\" content=\"en_US\" \/>\n<meta property=\"og:type\" content=\"article\" \/>\n<meta property=\"og:title\" content=\"Sevillanas - Clases de Flamenco y Sevillanas en Barcelona, Escuela Jos\u00e9 de la Vega\" \/>\n<meta property=\"og:description\" content=\"Do you want to learn how to dance Sevillanas? Our school offers sevillanas lessonss in Barcelona. Want to know more? Contact us.\" \/>\n<meta property=\"og:url\" content=\"https:\/\/josedelavega.com\/en\/classes\/sevillanas\/\" \/>\n<meta property=\"og:site_name\" content=\"Clases de Flamenco y Sevillanas en Barcelona, Escuela Jos\u00e9 de la Vega\" \/>\n<meta property=\"article:publisher\" content=\"https:\/\/www.facebook.com\/escuelajosedelavega\" \/>\n<meta property=\"article:modified_time\" content=\"2022-08-26T10:35:00+00:00\" \/>\n<meta property=\"og:image\" content=\"https:\/\/josedelavega.com\/wp-content\/uploads\/2022\/08\/sevillanas-clases-jdlv-1024x389.png\" \/>\n\t<meta property=\"og:image:width\" content=\"1024\" \/>\n\t<meta property=\"og:image:height\" content=\"389\" \/>\n\t<meta property=\"og:image:type\" content=\"image\/png\" \/>\n<script type=\"application\/ld+json\" class=\"yoast-schema-graph\">{\"@context\":\"https:\/\/schema.org\",\"@graph\":[{\"@type\":\"WebPage\",\"@id\":\"https:\/\/josedelavega.com\/en\/classes\/sevillanas\/\",\"url\":\"https:\/\/josedelavega.com\/en\/classes\/sevillanas\/\",\"name\":\"Sevillanas - Clases de Flamenco y Sevillanas en Barcelona, Escuela Jos\u00e9 de la Vega\",\"isPartOf\":{\"@id\":\"https:\/\/josedelavega.com\/#website\"},\"primaryImageOfPage\":{\"@id\":\"https:\/\/josedelavega.com\/en\/classes\/sevillanas\/#primaryimage\"},\"image\":{\"@id\":\"https:\/\/josedelavega.com\/en\/classes\/sevillanas\/#primaryimage\"},\"thumbnailUrl\":\"https:\/\/josedelavega.com\/wp-content\/uploads\/2022\/08\/sevillanas-clases-jdlv.png\",\"datePublished\":\"2022-06-22T15:07:52+00:00\",\"dateModified\":\"2022-08-26T10:35:00+00:00\",\"description\":\"Do you want to learn how to dance Sevillanas? Our school offers sevillanas lessonss in Barcelona. Want to know more? Contact us.\",\"breadcrumb\":{\"@id\":\"https:\/\/josedelavega.com\/en\/classes\/sevillanas\/#breadcrumb\"},\"inLanguage\":\"en-US\",\"potentialAction\":[{\"@type\":\"ReadAction\",\"target\":[\"https:\/\/josedelavega.com\/en\/classes\/sevillanas\/\"]}]},{\"@type\":\"ImageObject\",\"inLanguage\":\"en-US\",\"@id\":\"https:\/\/josedelavega.com\/en\/classes\/sevillanas\/#primaryimage\",\"url\":\"https:\/\/josedelavega.com\/wp-content\/uploads\/2022\/08\/sevillanas-clases-jdlv.png\",\"contentUrl\":\"https:\/\/josedelavega.com\/wp-content\/uploads\/2022\/08\/sevillanas-clases-jdlv.png\",\"width\":2500,\"height\":950,\"caption\":\"Aprender Sevillanas en Barcelona\"},{\"@type\":\"BreadcrumbList\",\"@id\":\"https:\/\/josedelavega.com\/en\/classes\/sevillanas\/#breadcrumb\",\"itemListElement\":[{\"@type\":\"ListItem\",\"position\":1,\"name\":\"Portada\",\"item\":\"https:\/\/josedelavega.com\/en\/homepage\/\"},{\"@type\":\"ListItem\",\"position\":2,\"name\":\"Classes\",\"item\":\"https:\/\/josedelavega.com\/en\/classes\/\"},{\"@type\":\"ListItem\",\"position\":3,\"name\":\"Sevillanas\"}]},{\"@type\":\"WebSite\",\"@id\":\"https:\/\/josedelavega.com\/#website\",\"url\":\"https:\/\/josedelavega.com\/\",\"name\":\"Clases de Flamenco y Sevillanas en Barcelona, Escuela Jos\u00e9 de la Vega\",\"description\":\"Escuela de Baile Flamenco Jos\u00e9 de la Vega, Barcelona - clases de flamenco, sevillanas, guitarra, palmas y caj\u00f3n, todos los niveles!\",\"publisher\":{\"@id\":\"https:\/\/josedelavega.com\/#organization\"},\"alternateName\":\"Escuela de baile flamenco Jos\u00e9 de la Vega Barcelona\",\"potentialAction\":[{\"@type\":\"SearchAction\",\"target\":{\"@type\":\"EntryPoint\",\"urlTemplate\":\"https:\/\/josedelavega.com\/?s={search_term_string}\"},\"query-input\":{\"@type\":\"PropertyValueSpecification\",\"valueRequired\":true,\"valueName\":\"search_term_string\"}}],\"inLanguage\":\"en-US\"},{\"@type\":\"Organization\",\"@id\":\"https:\/\/josedelavega.com\/#organization\",\"name\":\"Escuela de baile flamenco Jos\u00e9 de la Vega\",\"alternateName\":\"Jos\u00e9 de la Vega Escuela de flamenco\",\"url\":\"https:\/\/josedelavega.com\/\",\"logo\":{\"@type\":\"ImageObject\",\"inLanguage\":\"en-US\",\"@id\":\"https:\/\/josedelavega.com\/#\/schema\/logo\/image\/\",\"url\":\"https:\/\/josedelavega.com\/wp-content\/uploads\/2022\/06\/cropped-jdlv_logo-250px.png\",\"contentUrl\":\"https:\/\/josedelavega.com\/wp-content\/uploads\/2022\/06\/cropped-jdlv_logo-250px.png\",\"width\":250,\"height\":237,\"caption\":\"Escuela de baile flamenco Jos\u00e9 de la Vega\"},\"image\":{\"@id\":\"https:\/\/josedelavega.com\/#\/schema\/logo\/image\/\"},\"sameAs\":[\"https:\/\/www.facebook.com\/escuelajosedelavega\"]}]}<\/script>\n<!-- \/ Yoast SEO plugin. -->","yoast_head_json":{"title":"Sevillanas - Clases de Flamenco y Sevillanas en Barcelona, Escuela Jos\u00e9 de la Vega","description":"Do you want to learn how to dance Sevillanas? Our school offers sevillanas lessonss in Barcelona. Want to know more? Contact us.","robots":{"index":"index","follow":"follow","max-snippet":"max-snippet:-1","max-image-preview":"max-image-preview:large","max-video-preview":"max-video-preview:-1"},"canonical":"https:\/\/josedelavega.com\/en\/classes\/sevillanas\/","og_locale":"en_US","og_type":"article","og_title":"Sevillanas - Clases de Flamenco y Sevillanas en Barcelona, Escuela Jos\u00e9 de la Vega","og_description":"Do you want to learn how to dance Sevillanas? Our school offers sevillanas lessonss in Barcelona. Want to know more? Contact us.","og_url":"https:\/\/josedelavega.com\/en\/classes\/sevillanas\/","og_site_name":"Clases de Flamenco y Sevillanas en Barcelona, Escuela Jos\u00e9 de la Vega","article_publisher":"https:\/\/www.facebook.com\/escuelajosedelavega","article_modified_time":"2022-08-26T10:35:00+00:00","og_image":[{"width":1024,"height":389,"url":"https:\/\/josedelavega.com\/wp-content\/uploads\/2022\/08\/sevillanas-clases-jdlv-1024x389.png","type":"image\/png"}],"schema":{"@context":"https:\/\/schema.org","@graph":[{"@type":"WebPage","@id":"https:\/\/josedelavega.com\/en\/classes\/sevillanas\/","url":"https:\/\/josedelavega.com\/en\/classes\/sevillanas\/","name":"Sevillanas - Clases de Flamenco y Sevillanas en Barcelona, Escuela Jos\u00e9 de la Vega","isPartOf":{"@id":"https:\/\/josedelavega.com\/#website"},"primaryImageOfPage":{"@id":"https:\/\/josedelavega.com\/en\/classes\/sevillanas\/#primaryimage"},"image":{"@id":"https:\/\/josedelavega.com\/en\/classes\/sevillanas\/#primaryimage"},"thumbnailUrl":"https:\/\/josedelavega.com\/wp-content\/uploads\/2022\/08\/sevillanas-clases-jdlv.png","datePublished":"2022-06-22T15:07:52+00:00","dateModified":"2022-08-26T10:35:00+00:00","description":"Do you want to learn how to dance Sevillanas? Our school offers sevillanas lessonss in Barcelona. Want to know more? Contact us.","breadcrumb":{"@id":"https:\/\/josedelavega.com\/en\/classes\/sevillanas\/#breadcrumb"},"inLanguage":"en-US","potentialAction":[{"@type":"ReadAction","target":["https:\/\/josedelavega.com\/en\/classes\/sevillanas\/"]}]},{"@type":"ImageObject","inLanguage":"en-US","@id":"https:\/\/josedelavega.com\/en\/classes\/sevillanas\/#primaryimage","url":"https:\/\/josedelavega.com\/wp-content\/uploads\/2022\/08\/sevillanas-clases-jdlv.png","contentUrl":"https:\/\/josedelavega.com\/wp-content\/uploads\/2022\/08\/sevillanas-clases-jdlv.png","width":2500,"height":950,"caption":"Aprender Sevillanas en Barcelona"},{"@type":"BreadcrumbList","@id":"https:\/\/josedelavega.com\/en\/classes\/sevillanas\/#breadcrumb","itemListElement":[{"@type":"ListItem","position":1,"name":"Portada","item":"https:\/\/josedelavega.com\/en\/homepage\/"},{"@type":"ListItem","position":2,"name":"Classes","item":"https:\/\/josedelavega.com\/en\/classes\/"},{"@type":"ListItem","position":3,"name":"Sevillanas"}]},{"@type":"WebSite","@id":"https:\/\/josedelavega.com\/#website","url":"https:\/\/josedelavega.com\/","name":"Clases de Flamenco y Sevillanas en Barcelona, Escuela Jos\u00e9 de la Vega","description":"Escuela de Baile Flamenco Jos\u00e9 de la Vega, Barcelona - clases de flamenco, sevillanas, guitarra, palmas y caj\u00f3n, todos los niveles!","publisher":{"@id":"https:\/\/josedelavega.com\/#organization"},"alternateName":"Escuela de baile flamenco Jos\u00e9 de la Vega Barcelona","potentialAction":[{"@type":"SearchAction","target":{"@type":"EntryPoint","urlTemplate":"https:\/\/josedelavega.com\/?s={search_term_string}"},"query-input":{"@type":"PropertyValueSpecification","valueRequired":true,"valueName":"search_term_string"}}],"inLanguage":"en-US"},{"@type":"Organization","@id":"https:\/\/josedelavega.com\/#organization","name":"Escuela de baile flamenco Jos\u00e9 de la Vega","alternateName":"Jos\u00e9 de la Vega Escuela de flamenco","url":"https:\/\/josedelavega.com\/","logo":{"@type":"ImageObject","inLanguage":"en-US","@id":"https:\/\/josedelavega.com\/#\/schema\/logo\/image\/","url":"https:\/\/josedelavega.com\/wp-content\/uploads\/2022\/06\/cropped-jdlv_logo-250px.png","contentUrl":"https:\/\/josedelavega.com\/wp-content\/uploads\/2022\/06\/cropped-jdlv_logo-250px.png","width":250,"height":237,"caption":"Escuela de baile flamenco Jos\u00e9 de la Vega"},"image":{"@id":"https:\/\/josedelavega.com\/#\/schema\/logo\/image\/"},"sameAs":["https:\/\/www.facebook.com\/escuelajosedelavega"]}]}},"_links":{"self":[{"href":"https:\/\/josedelavega.com\/en\/wp-json\/wp\/v2\/pages\/7888","targetHints":{"allow":["GET"]}}],"collection":[{"href":"https:\/\/josedelavega.com\/en\/wp-json\/wp\/v2\/pages"}],"about":[{"href":"https:\/\/josedelavega.com\/en\/wp-json\/wp\/v2\/types\/page"}],"author":[{"embeddable":true,"href":"https:\/\/josedelavega.com\/en\/wp-json\/wp\/v2\/users\/1"}],"replies":[{"embeddable":true,"href":"https:\/\/josedelavega.com\/en\/wp-json\/wp\/v2\/comments?post=7888"}],"version-history":[{"count":1,"href":"https:\/\/josedelavega.com\/en\/wp-json\/wp\/v2\/pages\/7888\/revisions"}],"predecessor-version":[{"id":7893,"href":"https:\/\/josedelavega.com\/en\/wp-json\/wp\/v2\/pages\/7888\/revisions\/7893"}],"up":[{"embeddable":true,"href":"https:\/\/josedelavega.com\/en\/wp-json\/wp\/v2\/pages\/7764"}],"wp:featuredmedia":[{"embeddable":true,"href":"https:\/\/josedelavega.com\/en\/wp-json\/wp\/v2\/media\/7794"}],"wp:attachment":[{"href":"https:\/\/josedelavega.com\/en\/wp-json\/wp\/v2\/media?parent=7888"}],"curies":[{"name":"wp","href":"https:\/\/api.w.org\/{rel}","templated":true}]}}